{"id":10477,"date":"2026-01-07T13:44:05","date_gmt":"2026-01-07T12:44:05","guid":{"rendered":"https:\/\/www.lawebradio.com\/news\/?page_id=10477"},"modified":"2026-03-07T15:47:01","modified_gmt":"2026-03-07T14:47:01","slug":"le-media-de-reference-dedie-aux-webradios-et-a-laudio-digital","status":"publish","type":"page","link":"https:\/\/www.lawebradio.com\/news\/le-media-de-reference-dedie-aux-webradios-et-a-laudio-digital\/","title":{"rendered":"Le m\u00e9dia de r\u00e9f\u00e9rence d\u00e9di\u00e9 aux webradios et \u00e0 l\u2019audio digital"},"content":{"rendered":"<p>[et_pb_section fb_built=\u00a0\u00bb1&Prime; _builder_version=\u00a0\u00bb4.6.5&Prime; _module_preset=\u00a0\u00bbdefault\u00a0\u00bb][et_pb_row _builder_version=\u00a0\u00bb4.6.5&Prime; _module_preset=\u00a0\u00bbdefault\u00a0\u00bb][et_pb_column type=\u00a0\u00bb4_4&Prime; _builder_version=\u00a0\u00bb4.6.5&Prime; _module_preset=\u00a0\u00bbdefault\u00a0\u00bb][et_pb_text _builder_version=\u00a0\u00bb4.8.0&Prime; _module_preset=\u00a0\u00bbdefault\u00a0\u00bb header_2_font_size=\u00a0\u00bb24px\u00a0\u00bb header_3_font_size=\u00a0\u00bb36px\u00a0\u00bb hover_enabled=\u00a0\u00bb0&Prime; header_3_line_height=\u00a0\u00bb1.4em\u00a0\u00bb sticky_enabled=\u00a0\u00bb0&Prime;]<\/p>\n<h3 style=\"text-align: center;\">Le m\u00e9dia de r\u00e9f\u00e9rence d\u00e9di\u00e9 aux webradios et \u00e0 l\u2019audio digital<\/h3>\n<p>[\/et_pb_text][et_pb_image src=\u00a0\u00bbhttps:\/\/www.lawebradio.com\/news\/wp-content\/uploads\/2026\/01\/lawebradio-com.jpg\u00a0\u00bb _builder_version=\u00a0\u00bb4.8.0&Prime; _module_preset=\u00a0\u00bbdefault\u00a0\u00bb][\/et_pb_image][et_pb_text _builder_version=\u00a0\u00bb4.8.0&Prime; _module_preset=\u00a0\u00bbdefault\u00a0\u00bb header_3_font_size=\u00a0\u00bb23px\u00a0\u00bb header_3_line_height=\u00a0\u00bb1.4em\u00a0\u00bb]<\/p>\n<p><strong>Lawebradio.com est un m\u00e9dia en ligne d\u00e9di\u00e9 \u00e0 l\u2019univers des webradios, de la radio digitale et plus largement de l\u2019audio num\u00e9rique. Pens\u00e9e comme une v\u00e9ritable plateforme d\u2019information et de veille sectorielle, cette section du site Lawebradio.com s\u2019adresse autant aux passionn\u00e9s de radio qu\u2019aux acteurs professionnels de l\u2019audio, du podcasting, du streaming ou des m\u00e9dias num\u00e9riques.<\/strong><\/p>\n<h3>Informer, d\u00e9crypter et valoriser l\u2019univers audio digital<\/h3>\n<p>L\u2019objectif de Lawebradio.com est clair : informer et accompagner la transformation du monde de la radio et de l\u2019\u00e9coute num\u00e9rique. \u00c0 l\u2019heure o\u00f9 les modes de consommation audio se r\u00e9inventent (radio IP, streaming musical, plateformes de podcasts, assistants vocaux, diffusion DAB+), le m\u00e9dia se positionne comme un observatoire privil\u00e9gi\u00e9 de ces mutations.<\/p>\n<p>Chaque article contribue \u00e0 d\u00e9crypter les tendances, valoriser les innovations technologiques et donner de la visibilit\u00e9 aux acteurs qui fa\u00e7onnent l\u2019avenir de la radio en ligne. Les analyses s\u2019appuient sur des sources fiables \u2014 \u00e9tudes <a href=\"https:\/\/www.mediametrie.fr\/fr\" target=\"_blank\" rel=\"noopener\">M\u00e9diam\u00e9trie<\/a>, rapports du CSA\/Arcom, donn\u00e9es de march\u00e9 (IFPI, Statista, <a href=\"https:\/\/www.edisonresearch.com\/\" target=\"_blank\" rel=\"noopener\">Edison Research<\/a>) \u2014 et privil\u00e9gient une approche \u00e0 la fois journalistique et p\u00e9dagogique.<\/p>\n<h3>Une veille compl\u00e8te sur la radio digitale et l\u2019audio connect\u00e9<\/h3>\n<p>Lawebradio.com offre une veille sectorielle riche autour de th\u00e9matiques cl\u00e9s comme :<br \/>\u2022 Les webradios et radios digitales, en France et \u00e0 l\u2019international : nouveaux formats, chiffres d\u2019\u00e9coute, initiatives \u00e9ditoriales.<br \/>\u2022 Les tendances de l\u2019audio num\u00e9rique : podcasts natifs, plateformes de streaming, IA g\u00e9n\u00e9rative, audio spatial, NFT audio et mon\u00e9tisation.<br \/>\u2022 Les \u00e9volutions du march\u00e9 radio : strat\u00e9gies de groupes m\u00e9dias, r\u00e9gulation, mod\u00e8les \u00e9conomiques, partenariats cross-m\u00e9dia.<br \/>\u2022 Les innovations technologiques : outils de production, diffusion cloud, automation, recommandations algorithmiques, enjeux IA.<\/p>\n<p>Cette veille s\u2019adresse \u00e0 une communaut\u00e9 de lecteurs d\u00e9sireux de comprendre les nouveaux usages de l\u2019audio, mais aussi d\u2019anticiper les changements li\u00e9s \u00e0 la convergence entre radio, contenus cr\u00e9atifs et technologies num\u00e9riques.<\/p>\n<h3>Un m\u00e9dia pour passionn\u00e9s et professionnels<\/h3>\n<p><a href=\"https:\/\/www.lawebradio.com\/news\/\">Lawebradio.com<\/a> f\u00e9d\u00e8re un public vari\u00e9 :<br \/>\u2022 Les cr\u00e9ateurs et animateurs de webradios, \u00e0 la recherche d\u2019outils, de conseils techniques et de retours d\u2019exp\u00e9riences.<br \/>\u2022 Les professionnels de la radio et du num\u00e9rique, impliqu\u00e9s dans la transformation de leurs m\u00e9tiers \u00e0 l\u2019\u00e8re du digital.<br \/>\u2022 Les passionn\u00e9s de musique et de podcasts, curieux des nouveaux modes d\u2019\u00e9coute et de d\u00e9couvrabilit\u00e9.<br \/>\u2022 Les \u00e9tudiants et chercheurs, qui trouvent ici un espace de ressources sur la mutation de l\u2019audiovisuel.La ligne \u00e9ditoriale met l\u2019accent sur la clart\u00e9 et l\u2019expertise, tout en restant accessible. Chaque publication a pour ambition d\u2019\u00e9clairer les lectorats n\u00e9ophytes comme sp\u00e9cialis\u00e9s sur les enjeux actuels du secteur audio.<\/p>\n<p>[\/et_pb_text][et_pb_image src=\u00a0\u00bbhttps:\/\/www.lawebradio.com\/news\/wp-content\/uploads\/2026\/01\/lawebradio-com-02.jpg\u00a0\u00bb _builder_version=\u00a0\u00bb4.8.0&Prime; _module_preset=\u00a0\u00bbdefault\u00a0\u00bb][\/et_pb_image][et_pb_text _builder_version=\u00a0\u00bb4.8.0&Prime; _module_preset=\u00a0\u00bbdefault\u00a0\u00bb header_3_font_size=\u00a0\u00bb23px\u00a0\u00bb header_3_line_height=\u00a0\u00bb1.4em\u00a0\u00bb]<\/p>\n<h3>Valoriser les talents et l\u2019innovation sonore<\/h3>\n<p>Au-del\u00e0 de la couverture de l\u2019actualit\u00e9, Lawebradio.com s\u2019engage \u00e0 mettre en avant les initiatives ind\u00e9pendantes et les talents \u00e9mergents : cr\u00e9ateurs de webradios, collectifs artistiques, producteurs de podcasts, start-up de l\u2019audio tech, labels ind\u00e9pendants.<\/p>\n<p>Cette ouverture sur la sc\u00e8ne cr\u00e9ative soutient la diversit\u00e9 culturelle et sonore port\u00e9e par le num\u00e9rique, tout en promouvant les valeurs d\u2019innovation et d\u2019accessibilit\u00e9 propres \u00e0 l\u2019\u00e9cosyst\u00e8me des m\u00e9dias audio.<\/p>\n<h3>Une plateforme optimis\u00e9e pour la visibilit\u00e9 et la recherche<\/h3>\n<p>Les contenus publi\u00e9s sur Lawebradio.com sont \u00e9labor\u00e9s selon les standards du r\u00e9f\u00e9rencement naturel (SEO) afin de renforcer leur accessibilit\u00e9 et leur impact. Le site se positionne sur des requ\u00eates telles que :<br \/>\u2022 actualit\u00e9s webradio<br \/>\u2022 radio num\u00e9rique et DAB+<br \/>\u2022 tendances de l\u2019audio digital<br \/>\u2022 innovation m\u00e9dias audio<br \/>\u2022 \u00e9conomie du streaming<\/p>\n<p>Cette approche permet \u00e0 Lawebradio.com d\u2019\u00eatre une r\u00e9f\u00e9rence francophone en mati\u00e8re d\u2019actualit\u00e9 et d\u2019analyse du secteur audio digital.<\/p>\n<h3>Lawebradio.com \u2013 News, la voix d\u2019un \u00e9cosyst\u00e8me en mouvement<\/h3>\n<p>En suivant Lawebradio.com, vous acc\u00e9dez \u00e0 une information actualis\u00e9e, contextualis\u00e9e et tourn\u00e9e vers l\u2019avenir : celle d\u2019un monde audio qui ne cesse d\u2019\u00e9voluer, se connecter et se r\u00e9inventer.<\/p>\n<p>La radio change. L\u2019audio se transforme. L\u2019information suit.<br \/>Lawebradio.com, la voix de l\u2019audio num\u00e9rique.<\/p>\n<p>[\/et_pb_text][\/et_pb_column][\/et_pb_row][\/et_pb_section]<\/p>\n","protected":false},"excerpt":{"rendered":"<p>[et_pb_section fb_built=\u00a0\u00bb1&Prime; _builder_version=\u00a0\u00bb4.6.5&Prime; _module_preset=\u00a0\u00bbdefault\u00a0\u00bb][et_pb_row _builder_version=\u00a0\u00bb4.6.5&Prime; _module_preset=\u00a0\u00bbdefault\u00a0\u00bb][et_pb_column type=\u00a0\u00bb4_4&Prime; _builder_version=\u00a0\u00bb4.6.5&Prime; _module_preset=\u00a0\u00bbdefault\u00a0\u00bb][et_pb_text _builder_version=\u00a0\u00bb4.8.0&Prime; _module_preset=\u00a0\u00bbdefault\u00a0\u00bb header_2_font_size=\u00a0\u00bb24px\u00a0\u00bb header_3_font_size=\u00a0\u00bb36px\u00a0\u00bb hover_enabled=\u00a0\u00bb0&Prime; header_3_line_height=\u00a0\u00bb1.4em\u00a0\u00bb sticky_enabled=\u00a0\u00bb0&Prime;] Le m\u00e9dia de r\u00e9f\u00e9rence d\u00e9di\u00e9 aux webradios et \u00e0 l\u2019audio digital [\/et_pb_text][et_pb_image src=\u00a0\u00bbhttps:\/\/www.lawebradio.com\/news\/wp-content\/uploads\/2026\/01\/lawebradio-com.jpg\u00a0\u00bb _builder_version=\u00a0\u00bb4.8.0&Prime; _module_preset=\u00a0\u00bbdefault\u00a0\u00bb][\/et_pb_image][et_pb_text _builder_version=\u00a0\u00bb4.8.0&Prime; _module_preset=\u00a0\u00bbdefault\u00a0\u00bb header_3_font_size=\u00a0\u00bb23px\u00a0\u00bb header_3_line_height=\u00a0\u00bb1.4em\u00a0\u00bb] Lawebradio.com est un m\u00e9dia en ligne d\u00e9di\u00e9 \u00e0 l\u2019univers des webradios, de la radio digitale et plus largement de l\u2019audio [&hellip;]<\/p>\n","protected":false},"author":3,"featured_media":10525,"parent":0,"menu_order":0,"comment_status":"closed","ping_status":"closed","template":"","meta":{"_et_pb_use_builder":"on","_et_pb_old_content":"","_et_gb_content_width":"","footnotes":""},"class_list":["post-10477","page","type-page","status-publish","has-post-thumbnail","hentry"],"yoast_head":"<!-- This site is optimized with the Yoast SEO plugin v27.3 - https:\/\/yoast.com\/product\/yoast-seo-wordpress\/ -->\n<title>Le m\u00e9dia de r\u00e9f\u00e9rence d\u00e9di\u00e9 aux webradios et \u00e0 l\u2019audio digital - Lawebradio.com - Actualit\u00e9s des radios digitales<\/title>\n<meta name=\"description\" content=\"Actualit\u00e9s webradio, radio digitale et audio num\u00e9rique : news, tendances et innovations du monde de la radio en ligne.\" \/>\n<meta name=\"robots\" content=\"index, follow, max-snippet:-1, max-image-preview:large, max-video-preview:-1\" \/>\n<link rel=\"canonical\" href=\"https:\/\/www.lawebradio.com\/news\/le-media-de-reference-dedie-aux-webradios-et-a-laudio-digital\/\" \/>\n<meta property=\"og:locale\" content=\"fr_FR\" \/>\n<meta property=\"og:type\" content=\"article\" \/>\n<meta property=\"og:title\" content=\"Le m\u00e9dia de r\u00e9f\u00e9rence d\u00e9di\u00e9 aux webradios et \u00e0 l\u2019audio digital - Lawebradio.com - Actualit\u00e9s des radios digitales\" \/>\n<meta property=\"og:description\" content=\"Actualit\u00e9s webradio, radio digitale et audio num\u00e9rique : news, tendances et innovations du monde de la radio en ligne.\" \/>\n<meta property=\"og:url\" content=\"https:\/\/www.lawebradio.com\/news\/le-media-de-reference-dedie-aux-webradios-et-a-laudio-digital\/\" \/>\n<meta property=\"og:site_name\" content=\"Lawebradio.com - Actualit\u00e9s des radios digitales\" \/>\n<meta property=\"article:modified_time\" content=\"2026-03-07T14:47:01+00:00\" \/>\n<meta property=\"og:image\" content=\"https:\/\/www.lawebradio.com\/news\/wp-content\/uploads\/2026\/01\/lawebradio-com.jpg\" \/>\n\t<meta property=\"og:image:width\" content=\"735\" \/>\n\t<meta property=\"og:image:height\" content=\"350\" \/>\n\t<meta property=\"og:image:type\" content=\"image\/jpeg\" \/>\n<meta name=\"twitter:label1\" content=\"Dur\u00e9e de lecture estim\u00e9e\" \/>\n\t<meta name=\"twitter:data1\" content=\"4 minutes\" \/>\n<script type=\"application\/ld+json\" class=\"yoast-schema-graph\">{\"@context\":\"https:\\\/\\\/schema.org\",\"@graph\":[{\"@type\":\"WebPage\",\"@id\":\"https:\\\/\\\/www.lawebradio.com\\\/news\\\/le-media-de-reference-dedie-aux-webradios-et-a-laudio-digital\\\/\",\"url\":\"https:\\\/\\\/www.lawebradio.com\\\/news\\\/le-media-de-reference-dedie-aux-webradios-et-a-laudio-digital\\\/\",\"name\":\"Le m\u00e9dia de r\u00e9f\u00e9rence d\u00e9di\u00e9 aux webradios et \u00e0 l\u2019audio digital - Lawebradio.com - Actualit\u00e9s des radios digitales\",\"isPartOf\":{\"@id\":\"https:\\\/\\\/www.lawebradio.com\\\/news\\\/#website\"},\"primaryImageOfPage\":{\"@id\":\"https:\\\/\\\/www.lawebradio.com\\\/news\\\/le-media-de-reference-dedie-aux-webradios-et-a-laudio-digital\\\/#primaryimage\"},\"image\":{\"@id\":\"https:\\\/\\\/www.lawebradio.com\\\/news\\\/le-media-de-reference-dedie-aux-webradios-et-a-laudio-digital\\\/#primaryimage\"},\"thumbnailUrl\":\"https:\\\/\\\/www.lawebradio.com\\\/news\\\/wp-content\\\/uploads\\\/2026\\\/01\\\/lawebradio-com.jpg\",\"datePublished\":\"2026-01-07T12:44:05+00:00\",\"dateModified\":\"2026-03-07T14:47:01+00:00\",\"description\":\"Actualit\u00e9s webradio, radio digitale et audio num\u00e9rique : news, tendances et innovations du monde de la radio en ligne.\",\"inLanguage\":\"fr-FR\",\"potentialAction\":[{\"@type\":\"ReadAction\",\"target\":[\"https:\\\/\\\/www.lawebradio.com\\\/news\\\/le-media-de-reference-dedie-aux-webradios-et-a-laudio-digital\\\/\"]}]},{\"@type\":\"ImageObject\",\"inLanguage\":\"fr-FR\",\"@id\":\"https:\\\/\\\/www.lawebradio.com\\\/news\\\/le-media-de-reference-dedie-aux-webradios-et-a-laudio-digital\\\/#primaryimage\",\"url\":\"https:\\\/\\\/www.lawebradio.com\\\/news\\\/wp-content\\\/uploads\\\/2026\\\/01\\\/lawebradio-com.jpg\",\"contentUrl\":\"https:\\\/\\\/www.lawebradio.com\\\/news\\\/wp-content\\\/uploads\\\/2026\\\/01\\\/lawebradio-com.jpg\",\"width\":735,\"height\":350},{\"@type\":\"WebSite\",\"@id\":\"https:\\\/\\\/www.lawebradio.com\\\/news\\\/#website\",\"url\":\"https:\\\/\\\/www.lawebradio.com\\\/news\\\/\",\"name\":\"Lawebradio.com - Actualit\u00e9s des radios digitales\",\"description\":\"\",\"publisher\":{\"@id\":\"https:\\\/\\\/www.lawebradio.com\\\/news\\\/#organization\"},\"potentialAction\":[{\"@type\":\"SearchAction\",\"target\":{\"@type\":\"EntryPoint\",\"urlTemplate\":\"https:\\\/\\\/www.lawebradio.com\\\/news\\\/?s={search_term_string}\"},\"query-input\":{\"@type\":\"PropertyValueSpecification\",\"valueRequired\":true,\"valueName\":\"search_term_string\"}}],\"inLanguage\":\"fr-FR\"},{\"@type\":\"Organization\",\"@id\":\"https:\\\/\\\/www.lawebradio.com\\\/news\\\/#organization\",\"name\":\"Lawebradio.com - Actualit\u00e9s des radios digitales\",\"url\":\"https:\\\/\\\/www.lawebradio.com\\\/news\\\/\",\"logo\":{\"@type\":\"ImageObject\",\"inLanguage\":\"fr-FR\",\"@id\":\"https:\\\/\\\/www.lawebradio.com\\\/news\\\/#\\\/schema\\\/logo\\\/image\\\/\",\"url\":\"https:\\\/\\\/www.lawebradio.com\\\/news\\\/wp-content\\\/uploads\\\/2020\\\/10\\\/logo2020.png\",\"contentUrl\":\"https:\\\/\\\/www.lawebradio.com\\\/news\\\/wp-content\\\/uploads\\\/2020\\\/10\\\/logo2020.png\",\"width\":254,\"height\":43,\"caption\":\"Lawebradio.com - Actualit\u00e9s des radios digitales\"},\"image\":{\"@id\":\"https:\\\/\\\/www.lawebradio.com\\\/news\\\/#\\\/schema\\\/logo\\\/image\\\/\"}}]}<\/script>\n<!-- \/ Yoast SEO plugin. -->","yoast_head_json":{"title":"Le m\u00e9dia de r\u00e9f\u00e9rence d\u00e9di\u00e9 aux webradios et \u00e0 l\u2019audio digital - Lawebradio.com - Actualit\u00e9s des radios digitales","description":"Actualit\u00e9s webradio, radio digitale et audio num\u00e9rique : news, tendances et innovations du monde de la radio en ligne.","robots":{"index":"index","follow":"follow","max-snippet":"max-snippet:-1","max-image-preview":"max-image-preview:large","max-video-preview":"max-video-preview:-1"},"canonical":"https:\/\/www.lawebradio.com\/news\/le-media-de-reference-dedie-aux-webradios-et-a-laudio-digital\/","og_locale":"fr_FR","og_type":"article","og_title":"Le m\u00e9dia de r\u00e9f\u00e9rence d\u00e9di\u00e9 aux webradios et \u00e0 l\u2019audio digital - Lawebradio.com - Actualit\u00e9s des radios digitales","og_description":"Actualit\u00e9s webradio, radio digitale et audio num\u00e9rique : news, tendances et innovations du monde de la radio en ligne.","og_url":"https:\/\/www.lawebradio.com\/news\/le-media-de-reference-dedie-aux-webradios-et-a-laudio-digital\/","og_site_name":"Lawebradio.com - Actualit\u00e9s des radios digitales","article_modified_time":"2026-03-07T14:47:01+00:00","og_image":[{"width":735,"height":350,"url":"https:\/\/www.lawebradio.com\/news\/wp-content\/uploads\/2026\/01\/lawebradio-com.jpg","type":"image\/jpeg"}],"twitter_misc":{"Dur\u00e9e de lecture estim\u00e9e":"4 minutes"},"schema":{"@context":"https:\/\/schema.org","@graph":[{"@type":"WebPage","@id":"https:\/\/www.lawebradio.com\/news\/le-media-de-reference-dedie-aux-webradios-et-a-laudio-digital\/","url":"https:\/\/www.lawebradio.com\/news\/le-media-de-reference-dedie-aux-webradios-et-a-laudio-digital\/","name":"Le m\u00e9dia de r\u00e9f\u00e9rence d\u00e9di\u00e9 aux webradios et \u00e0 l\u2019audio digital - Lawebradio.com - Actualit\u00e9s des radios digitales","isPartOf":{"@id":"https:\/\/www.lawebradio.com\/news\/#website"},"primaryImageOfPage":{"@id":"https:\/\/www.lawebradio.com\/news\/le-media-de-reference-dedie-aux-webradios-et-a-laudio-digital\/#primaryimage"},"image":{"@id":"https:\/\/www.lawebradio.com\/news\/le-media-de-reference-dedie-aux-webradios-et-a-laudio-digital\/#primaryimage"},"thumbnailUrl":"https:\/\/www.lawebradio.com\/news\/wp-content\/uploads\/2026\/01\/lawebradio-com.jpg","datePublished":"2026-01-07T12:44:05+00:00","dateModified":"2026-03-07T14:47:01+00:00","description":"Actualit\u00e9s webradio, radio digitale et audio num\u00e9rique : news, tendances et innovations du monde de la radio en ligne.","inLanguage":"fr-FR","potentialAction":[{"@type":"ReadAction","target":["https:\/\/www.lawebradio.com\/news\/le-media-de-reference-dedie-aux-webradios-et-a-laudio-digital\/"]}]},{"@type":"ImageObject","inLanguage":"fr-FR","@id":"https:\/\/www.lawebradio.com\/news\/le-media-de-reference-dedie-aux-webradios-et-a-laudio-digital\/#primaryimage","url":"https:\/\/www.lawebradio.com\/news\/wp-content\/uploads\/2026\/01\/lawebradio-com.jpg","contentUrl":"https:\/\/www.lawebradio.com\/news\/wp-content\/uploads\/2026\/01\/lawebradio-com.jpg","width":735,"height":350},{"@type":"WebSite","@id":"https:\/\/www.lawebradio.com\/news\/#website","url":"https:\/\/www.lawebradio.com\/news\/","name":"Lawebradio.com - Actualit\u00e9s des radios digitales","description":"","publisher":{"@id":"https:\/\/www.lawebradio.com\/news\/#organization"},"potentialAction":[{"@type":"SearchAction","target":{"@type":"EntryPoint","urlTemplate":"https:\/\/www.lawebradio.com\/news\/?s={search_term_string}"},"query-input":{"@type":"PropertyValueSpecification","valueRequired":true,"valueName":"search_term_string"}}],"inLanguage":"fr-FR"},{"@type":"Organization","@id":"https:\/\/www.lawebradio.com\/news\/#organization","name":"Lawebradio.com - Actualit\u00e9s des radios digitales","url":"https:\/\/www.lawebradio.com\/news\/","logo":{"@type":"ImageObject","inLanguage":"fr-FR","@id":"https:\/\/www.lawebradio.com\/news\/#\/schema\/logo\/image\/","url":"https:\/\/www.lawebradio.com\/news\/wp-content\/uploads\/2020\/10\/logo2020.png","contentUrl":"https:\/\/www.lawebradio.com\/news\/wp-content\/uploads\/2020\/10\/logo2020.png","width":254,"height":43,"caption":"Lawebradio.com - Actualit\u00e9s des radios digitales"},"image":{"@id":"https:\/\/www.lawebradio.com\/news\/#\/schema\/logo\/image\/"}}]}},"_links":{"self":[{"href":"https:\/\/www.lawebradio.com\/news\/wp-json\/wp\/v2\/pages\/10477","targetHints":{"allow":["GET"]}}],"collection":[{"href":"https:\/\/www.lawebradio.com\/news\/wp-json\/wp\/v2\/pages"}],"about":[{"href":"https:\/\/www.lawebradio.com\/news\/wp-json\/wp\/v2\/types\/page"}],"author":[{"embeddable":true,"href":"https:\/\/www.lawebradio.com\/news\/wp-json\/wp\/v2\/users\/3"}],"replies":[{"embeddable":true,"href":"https:\/\/www.lawebradio.com\/news\/wp-json\/wp\/v2\/comments?post=10477"}],"version-history":[{"count":31,"href":"https:\/\/www.lawebradio.com\/news\/wp-json\/wp\/v2\/pages\/10477\/revisions"}],"predecessor-version":[{"id":11170,"href":"https:\/\/www.lawebradio.com\/news\/wp-json\/wp\/v2\/pages\/10477\/revisions\/11170"}],"wp:featuredmedia":[{"embeddable":true,"href":"https:\/\/www.lawebradio.com\/news\/wp-json\/wp\/v2\/media\/10525"}],"wp:attachment":[{"href":"https:\/\/www.lawebradio.com\/news\/wp-json\/wp\/v2\/media?parent=10477"}],"curies":[{"name":"wp","href":"https:\/\/api.w.org\/{rel}","templated":true}]}}